{"id":180,"date":"2023-04-01T18:44:05","date_gmt":"2023-04-01T18:44:05","guid":{"rendered":"https:\/\/olep.es\/?page_id=180"},"modified":"2023-04-09T13:33:55","modified_gmt":"2023-04-09T13:33:55","slug":"donaciones","status":"publish","type":"page","link":"https:\/\/olep.es\/?page_id=180","title":{"rendered":"Donaciones"},"content":{"rendered":"\n<p>Desde <strong>OTRA L\u00cdNEA ES POSIBLE<\/strong> le informamos que,<\/p>\n\n\n\n<ul class=\"wp-block-list\">\n<li>El l\u00edmite econ\u00f3mico de una donaci\u00f3n a un partido pol\u00edtico por persona y a\u00f1o es de 50.000 euros.<\/li>\n\n\n\n<li>Puede realizar una donaci\u00f3n no finalista a OTRA L\u00cdNEA ES POSIBLE, que deber\u00e1 destinarse a la realizaci\u00f3n de las actividades propias del partido. La donaci\u00f3n no puede realizarse para un fin concreto.<\/li>\n\n\n\n<li>Al realizar la donaci\u00f3n Usted reconoce que la misma cumple las condiciones exigidas por la Ley Org\u00e1nica 8\/2007 de 4 de julio de financiaci\u00f3n de partidos pol\u00edticos.<\/li>\n\n\n\n<li>Sus datos personales derivados de cualquier donaci\u00f3n efectuada en favor de Otra L\u00ednea es Posible ser\u00e1n incorporados a un tratamiento automatizado del que es responsable OTRA L\u00cdNEA ES POSIBLE, calle Del Alba n\u00ba 1, 11300 La L\u00ednea de la Concepci\u00f3n, C\u00e1diz.<\/li>\n\n\n\n<li>La finalidad de los datos que Usted nos proporcione ser\u00e1n la gesti\u00f3n de la propia donaci\u00f3n que usted efect\u00fae a OTRA L\u00cdNEA ES POSIBLE, y el cumplimiento de las obligaciones legales derivadas de dicha donaci\u00f3n.<\/li>\n\n\n\n<li>El donativo se realizar\u00e1 en la cuenta bancaria <strong><em>ES33 0081 7413 31 0001732180<\/em><\/strong> destinada a este efecto por OTRA L\u00cdNEA ES POSIBLE con CIF.: G67629691, haciendo constar en el concepto de la operaci\u00f3n su nombre apellidos y DNI, de lo contrario la entidad bancaria rechazar\u00e1 la transacci\u00f3n.<\/li>\n\n\n\n<li>Al formalizar la misma deber\u00e1 proporcionarnos a la cuenta de correo electr\u00f3nico <a href=\"mailto:comunicacion@olep.es\" target=\"_blank\" rel=\"noreferrer noopener\">comunicacion@olep.es<\/a> una <a rel=\"noreferrer noopener\" href=\"https:\/\/olep.es\/wp-content\/uploads\/2023\/04\/Declaracion-por-Donacion-rellenable.pdf\" target=\"_blank\">declaraci\u00f3n<\/a> donde deber\u00e1 constar Su nombre y apellidos, copia de su DNI, NIE o Pasaporte en vigor, su direcci\u00f3n postal y su direcci\u00f3n de correo electr\u00f3nico, comprobante de la donaci\u00f3n, declaraci\u00f3n de cumplimiento de los requisitos de los donativos y donantes de la ley Org\u00e1nica 8\/2007 (puede descarg\u00e1rsela en el enlace existente) y aceptaci\u00f3n de la pol\u00edtica de protecci\u00f3n de datos.<\/li>\n<\/ul>\n\n\n\n<div class=\"wp-block-buttons alignwide is-layout-flex wp-block-buttons-is-layout-flex\">\n<div class=\"wp-block-button\"><a class=\"wp-block-button__link wp-element-button\" href=\"https:\/\/olep.es\/wp-content\/uploads\/2023\/04\/Declaracion-por-Donacion-rellenable.pdf\" target=\"_blank\" rel=\"noreferrer noopener\"><strong>Ir a declaraci\u00f3n<\/strong><\/a><\/div>\n<\/div>\n","protected":false},"excerpt":{"rendered":"<p>Desde OTRA L\u00cdNEA ES POSIBLE le informamos que,<\/p>\n","protected":false},"author":1,"featured_media":0,"parent":0,"menu_order":0,"comment_status":"closed","ping_status":"closed","template":"","meta":{"_kadence_starter_templates_imported_post":false,"_kad_post_transparent":"","_kad_post_title":"","_kad_post_layout":"","_kad_post_sidebar_id":"","_kad_post_content_style":"","_kad_post_vertical_padding":"","_kad_post_feature":"","_kad_post_feature_position":"","_kad_post_header":false,"_kad_post_footer":false,"_kad_post_classname":"","_joinchat":[],"footnotes":""},"class_list":["post-180","page","type-page","status-publish","hentry"],"_links":{"self":[{"href":"https:\/\/olep.es\/index.php?rest_route=\/wp\/v2\/pages\/180","targetHints":{"allow":["GET"]}}],"collection":[{"href":"https:\/\/olep.es\/index.php?rest_route=\/wp\/v2\/pages"}],"about":[{"href":"https:\/\/olep.es\/index.php?rest_route=\/wp\/v2\/types\/page"}],"author":[{"embeddable":true,"href":"https:\/\/olep.es\/index.php?rest_route=\/wp\/v2\/users\/1"}],"replies":[{"embeddable":true,"href":"https:\/\/olep.es\/index.php?rest_route=%2Fwp%2Fv2%2Fcomments&post=180"}],"version-history":[{"count":7,"href":"https:\/\/olep.es\/index.php?rest_route=\/wp\/v2\/pages\/180\/revisions"}],"predecessor-version":[{"id":329,"href":"https:\/\/olep.es\/index.php?rest_route=\/wp\/v2\/pages\/180\/revisions\/329"}],"wp:attachment":[{"href":"https:\/\/olep.es\/index.php?rest_route=%2Fwp%2Fv2%2Fmedia&parent=180"}],"curies":[{"name":"wp","href":"https:\/\/api.w.org\/{rel}","templated":true}]}}