{"id":178,"date":"2023-04-01T18:43:43","date_gmt":"2023-04-01T18:43:43","guid":{"rendered":"https:\/\/olep.es\/?page_id=178"},"modified":"2023-04-09T08:55:22","modified_gmt":"2023-04-09T08:55:22","slug":"unete","status":"publish","type":"page","link":"https:\/\/olep.es\/?page_id=178","title":{"rendered":"\u00danete"},"content":{"rendered":"\n<p><strong>\u00bfQuieres unirte a OLEp?<\/strong><\/p>\n\n\n\n<p>Requisitos:<\/p>\n\n\n\n<ul class=\"wp-block-list\">\n<li>Ser mayor de edad.<\/li>\n<\/ul>\n\n\n\n<ul class=\"wp-block-list\">\n<li>Espa\u00f1ol o ciudadano de alg\u00fan pa\u00eds de la Uni\u00f3n Europea y no militar en ning\u00fan otro partido.<\/li>\n<\/ul>\n\n\n\n<ul class=\"wp-block-list\">\n<li>Conocer y aceptar los Estatutos de OLeP.<\/li>\n<\/ul>\n\n\n\n<ul class=\"wp-block-list\">\n<li>Cumplimentar el formulario de solicitud correspondiente y presentarlo en la sede del partido.<\/li>\n<\/ul>\n\n\n\n<ul class=\"wp-block-list\">\n<li>Los Estatutos del partido establecen dos modalidades:<\/li>\n\n\n\n<li><em><strong>Militante<\/strong><\/em>, con obligaci\u00f3n de cuota, con derecho a participar en todos los actos del partido y derecho a voto en las decisiones internas.<\/li>\n\n\n\n<li><em><strong>Simpatizante<\/strong><\/em>, sin obligaci\u00f3n de cuota, con derecho a participar en los actos del partido pero sin derecho a voto en las decisiones internas.<\/li>\n<\/ul>\n\n\n\n<figure class=\"wp-block-image size-full is-resized\"><a href=\"https:\/\/olep.es\/wp-content\/uploads\/2023\/04\/Ficha_afiliacion_rellenable.pdf\" target=\"_blank\" rel=\"noreferrer noopener\"><img loading=\"lazy\" decoding=\"async\" src=\"https:\/\/olep.es\/wp-content\/uploads\/2023\/04\/Afiliate.png\" alt=\"\" class=\"wp-image-298\" width=\"352\" height=\"160\" srcset=\"https:\/\/olep.es\/wp-content\/uploads\/2023\/04\/Afiliate.png 1020w, https:\/\/olep.es\/wp-content\/uploads\/2023\/04\/Afiliate-300x136.png 300w, https:\/\/olep.es\/wp-content\/uploads\/2023\/04\/Afiliate-768x349.png 768w\" sizes=\"auto, (max-width: 352px) 100vw, 352px\" \/><\/a><\/figure>\n\n\n\n<figure class=\"wp-block-image size-full is-resized\"><a href=\"https:\/\/olep.es\/wp-content\/uploads\/2023\/04\/Ficha_simpatizante_rellenable.pdf\" target=\"_blank\" rel=\"noreferrer noopener\"><img loading=\"lazy\" decoding=\"async\" src=\"https:\/\/olep.es\/wp-content\/uploads\/2023\/04\/Simpatizantes-1.png\" alt=\"\" class=\"wp-image-305\" width=\"354\" height=\"161\" srcset=\"https:\/\/olep.es\/wp-content\/uploads\/2023\/04\/Simpatizantes-1.png 1020w, https:\/\/olep.es\/wp-content\/uploads\/2023\/04\/Simpatizantes-1-300x136.png 300w, https:\/\/olep.es\/wp-content\/uploads\/2023\/04\/Simpatizantes-1-768x349.png 768w\" sizes=\"auto, (max-width: 354px) 100vw, 354px\" \/><\/a><\/figure>\n","protected":false},"excerpt":{"rendered":"<p>\u00bfQuieres unirte a OLEp? Requisitos:<\/p>\n","protected":false},"author":1,"featured_media":0,"parent":0,"menu_order":0,"comment_status":"closed","ping_status":"closed","template":"","meta":{"_kadence_starter_templates_imported_post":false,"_kad_post_transparent":"","_kad_post_title":"","_kad_post_layout":"","_kad_post_sidebar_id":"","_kad_post_content_style":"","_kad_post_vertical_padding":"","_kad_post_feature":"","_kad_post_feature_position":"","_kad_post_header":false,"_kad_post_footer":false,"_kad_post_classname":"","_joinchat":[],"footnotes":""},"class_list":["post-178","page","type-page","status-publish","hentry"],"_links":{"self":[{"href":"https:\/\/olep.es\/index.php?rest_route=\/wp\/v2\/pages\/178","targetHints":{"allow":["GET"]}}],"collection":[{"href":"https:\/\/olep.es\/index.php?rest_route=\/wp\/v2\/pages"}],"about":[{"href":"https:\/\/olep.es\/index.php?rest_route=\/wp\/v2\/types\/page"}],"author":[{"embeddable":true,"href":"https:\/\/olep.es\/index.php?rest_route=\/wp\/v2\/users\/1"}],"replies":[{"embeddable":true,"href":"https:\/\/olep.es\/index.php?rest_route=%2Fwp%2Fv2%2Fcomments&post=178"}],"version-history":[{"count":5,"href":"https:\/\/olep.es\/index.php?rest_route=\/wp\/v2\/pages\/178\/revisions"}],"predecessor-version":[{"id":308,"href":"https:\/\/olep.es\/index.php?rest_route=\/wp\/v2\/pages\/178\/revisions\/308"}],"wp:attachment":[{"href":"https:\/\/olep.es\/index.php?rest_route=%2Fwp%2Fv2%2Fmedia&parent=178"}],"curies":[{"name":"wp","href":"https:\/\/api.w.org\/{rel}","templated":true}]}}