{"id":159,"date":"2023-04-01T18:39:07","date_gmt":"2023-04-01T18:39:07","guid":{"rendered":"https:\/\/olep.es\/?page_id=159"},"modified":"2023-04-03T11:24:56","modified_gmt":"2023-04-03T11:24:56","slug":"quienes-somos","status":"publish","type":"page","link":"https:\/\/olep.es\/?page_id=159","title":{"rendered":"Quienes Somos"},"content":{"rendered":"\n<p class=\"has-theme-palette-3-color has-theme-palette-9-background-color has-text-color has-background\">Somos un importante grupo de personas cansadas de ver a nuestra ciudad anclada en los distintos problemas de toda \u00edndole, sin que nuestro ayuntamiento le exija a las distintas administraciones una soluci\u00f3n a los problemas. Es penoso ver al actual equipo de gobierno despilfarrar tiempo, energ\u00eda y dinero en cosas y temas que no son prioritarias y sin embargo, verdaderos problemas est\u00e1n sin resolver por falta de actitud y aptitud, eso s\u00ed, se han ocupado de buscarse su puesto en Mancomunidad y Diputaci\u00f3n Provincial y mientras tanto, nuestra ciudad sigue teniendo los mismos problemas de siempre.<\/p>\n\n\n\n<p class=\"has-theme-palette-3-color has-theme-palette-9-background-color has-text-color has-background\">Como consecuencia de todo lo anterior, en julio 2021, el grupo de personas arriba mencionadas, decidimos formar <strong>OLeP<\/strong> con el fin de poder trabajar por los verdaderos problemas de la ciudad y acabar con la mala gesti\u00f3n y despilfarro del actual equipo de gobierno. <\/p>\n","protected":false},"excerpt":{"rendered":"<p>Somos un importante grupo de personas cansadas de ver a nuestra ciudad anclada en los distintos problemas de toda \u00edndole, sin que nuestro ayuntamiento le exija a las distintas administraciones una soluci\u00f3n a los problemas. Es penoso ver al actual equipo de gobierno despilfarrar tiempo, energ\u00eda y dinero en cosas y temas que no son&#8230;<\/p>\n","protected":false},"author":1,"featured_media":0,"parent":0,"menu_order":0,"comment_status":"closed","ping_status":"closed","template":"","meta":{"_kadence_starter_templates_imported_post":false,"_kad_post_transparent":"","_kad_post_title":"","_kad_post_layout":"","_kad_post_sidebar_id":"","_kad_post_content_style":"","_kad_post_vertical_padding":"","_kad_post_feature":"","_kad_post_feature_position":"","_kad_post_header":false,"_kad_post_footer":false,"_kad_post_classname":"","_joinchat":[],"footnotes":""},"class_list":["post-159","page","type-page","status-publish","hentry"],"_links":{"self":[{"href":"https:\/\/olep.es\/index.php?rest_route=\/wp\/v2\/pages\/159","targetHints":{"allow":["GET"]}}],"collection":[{"href":"https:\/\/olep.es\/index.php?rest_route=\/wp\/v2\/pages"}],"about":[{"href":"https:\/\/olep.es\/index.php?rest_route=\/wp\/v2\/types\/page"}],"author":[{"embeddable":true,"href":"https:\/\/olep.es\/index.php?rest_route=\/wp\/v2\/users\/1"}],"replies":[{"embeddable":true,"href":"https:\/\/olep.es\/index.php?rest_route=%2Fwp%2Fv2%2Fcomments&post=159"}],"version-history":[{"count":5,"href":"https:\/\/olep.es\/index.php?rest_route=\/wp\/v2\/pages\/159\/revisions"}],"predecessor-version":[{"id":262,"href":"https:\/\/olep.es\/index.php?rest_route=\/wp\/v2\/pages\/159\/revisions\/262"}],"wp:attachment":[{"href":"https:\/\/olep.es\/index.php?rest_route=%2Fwp%2Fv2%2Fmedia&parent=159"}],"curies":[{"name":"wp","href":"https:\/\/api.w.org\/{rel}","templated":true}]}}